{"id":25453,"date":"2023-11-08T10:01:33","date_gmt":"2023-11-08T10:01:33","guid":{"rendered":"https:\/\/www.adgalerie.com\/contact\/"},"modified":"2023-12-01T12:13:01","modified_gmt":"2023-12-01T12:13:01","slug":"contact","status":"publish","type":"page","link":"https:\/\/www.adgalerie.com\/en\/contact\/","title":{"rendered":"Contact"},"content":{"rendered":"<p>[et_pb_section fb_built=&#8221;1&#8243; module_id=&#8221;form&#8221; _builder_version=&#8221;4.23.1&#8243; use_background_color_gradient=&#8221;on&#8221; background_color_gradient_direction=&#8221;90deg&#8221; background_color_gradient_stops=&#8221;#ededed 48%|rgba(255,255,255,0) 48%&#8221; background_color_gradient_overlays_image=&#8221;on&#8221; background_color_gradient_start=&#8221;#ededed&#8221; background_color_gradient_start_position=&#8221;48%&#8221; background_color_gradient_end=&#8221;rgba(255,255,255,0)&#8221; background_color_gradient_end_position=&#8221;0%&#8221; background_image=&#8221;https:\/\/www.adgalerie.com\/wp-content\/uploads\/2023\/10\/galerie-art-montpellier-AD-galerie.jpg&#8221; custom_padding=&#8221;100px|0px|100px|0px|true|false&#8221; global_colors_info=&#8221;{}&#8221;][et_pb_row column_structure=&#8221;3_5,2_5&#8243; _builder_version=&#8221;4.23.1&#8243; custom_padding=&#8221;0|0px|0|0px|true|false&#8221; global_colors_info=&#8221;{}&#8221;][et_pb_column type=&#8221;3_5&#8243; _builder_version=&#8221;4.16&#8243; custom_padding=&#8221;|||&#8221; global_colors_info=&#8221;{}&#8221; custom_padding__hover=&#8221;|||&#8221;][et_pb_contact_form use_spam_service=&#8221;on&#8221; recaptcha_list=&#8221;Ad galerie recaptch-0&#8243; email=&#8221;contact@adgalerie.com&#8221; title=&#8221;Contact AD Galerie&#8221; custom_message=&#8221;Message from the website:||et_pb_line_break_holder||Lastname: %%Name%||et_pb_line_break_holder||Email: %%Email%||et_pb_line_break_holder||Tel: %%Tel%%||et_pb_line_break_holder||Message:||et_pb_line_break_holder||%%Message%%||et_pb_line_break_holder||||et_pb_line_break_holder||RGPD Agreement:%%rgpd%%||et_pb_line_break_holder||https:\/\/adgalerie.com\/&#8221; submit_button_text=&#8221;Send&#8221; module_id=&#8221;et_pb_contact_form_0&#8243; _builder_version=&#8221;4.23.1&#8243; form_field_background_color=&#8221;rgba(0,0,0,0)&#8221; form_field_text_color=&#8221;#000000&#8243; title_font=&#8221;|700|||||||&#8221; title_text_color=&#8221;#000000&#8243; title_font_size=&#8221;30px&#8221; title_line_height=&#8221;1.6em&#8221; form_field_font=&#8221;Roboto|300|||||||&#8221; form_field_font_size=&#8221;15px&#8221; form_field_line_height=&#8221;1.6em&#8221; background_color=&#8221;#ffffff&#8221; custom_button=&#8221;on&#8221; button_text_size=&#8221;14px&#8221; button_text_color=&#8221;#ffffff&#8221; button_bg_color=&#8221;#383838&#8243; button_border_width=&#8221;11px&#8221; button_border_color=&#8221;#383838&#8243; button_border_radius=&#8221;0px&#8221; button_letter_spacing=&#8221;1px&#8221; button_font=&#8221;|||on|||||&#8221; button_icon=&#8221;&#x24;||divi||400&#8243; button_on_hover=&#8221;off&#8221; custom_padding=&#8221;80px|80px|80px|80px|true|true&#8221; custom_padding_tablet=&#8221;40px|40px|40px|40px|true|true&#8221; custom_padding_phone=&#8221;30px|30px|30px|30px|true|true&#8221; custom_padding_last_edited=&#8221;on|tablet&#8221; title_font_size_tablet=&#8221;&#8221; title_font_size_phone=&#8221;25px&#8221; title_font_size_last_edited=&#8221;on|desktop&#8221; border_width_all=&#8221;1px&#8221; border_color_all=&#8221;#e2e2e2&#8243; form_background_color=&#8221;rgba(0,0,0,0)&#8221; global_colors_info=&#8221;{}&#8221; button_bg_color__hover_enabled=&#8221;on&#8221; button_bg_color__hover=&#8221;#bfbfbf&#8221; button_border_color__hover_enabled=&#8221;on&#8221; button_border_color__hover=&#8221;#bfbfbf&#8221; button_text_color__hover=&#8221;#000000&#8243; button_text_color__hover_enabled=&#8221;on&#8221; button_letter_spacing__hover=&#8221;2px&#8221; button_letter_spacing__hover_enabled=&#8221;on&#8221;][et_pb_contact_field field_id=&#8221;Name&#8221; field_title=&#8221;Last name First name&#8221; fullwidth_field=&#8221;on&#8221; _builder_version=&#8221;4.23.1&#8243; global_colors_info=&#8221;{}&#8221; button_text_size__hover_enabled=&#8221;off&#8221; button_one_text_size__hover_enabled=&#8221;off&#8221; button_two_text_size__hover_enabled=&#8221;off&#8221; button_text_color__hover_enabled=&#8221;off&#8221; button_one_text_color__hover_enabled=&#8221;off&#8221; button_two_text_color__hover_enabled=&#8221;off&#8221; button_border_width__hover_enabled=&#8221;off&#8221; button_one_border_width__hover_enabled=&#8221;off&#8221; button_two_border_width__hover_enabled=&#8221;off&#8221; button_border_color__hover_enabled=&#8221;off&#8221; button_one_border_color__hover_enabled=&#8221;off&#8221; button_two_border_color__hover_enabled=&#8221;off&#8221; button_border_radius__hover_enabled=&#8221;off&#8221; button_one_border_radius__hover_enabled=&#8221;off&#8221; button_two_border_radius__hover_enabled=&#8221;off&#8221; button_letter_spacing__hover_enabled=&#8221;off&#8221; button_one_letter_spacing__hover_enabled=&#8221;off&#8221; button_two_letter_spacing__hover_enabled=&#8221;off&#8221; button_bg_color__hover_enabled=&#8221;off&#8221; button_one_bg_color__hover_enabled=&#8221;off&#8221; button_two_bg_color__hover_enabled=&#8221;off&#8221;][\/et_pb_contact_field][et_pb_contact_field field_id=&#8221;Email&#8221; field_title=&#8221;Email&#8221; field_type=&#8221;email&#8221; fullwidth_field=&#8221;on&#8221; _builder_version=&#8221;4.23.1&#8243; global_colors_info=&#8221;{}&#8221; button_text_size__hover_enabled=&#8221;off&#8221; button_one_text_size__hover_enabled=&#8221;off&#8221; button_two_text_size__hover_enabled=&#8221;off&#8221; button_text_color__hover_enabled=&#8221;off&#8221; button_one_text_color__hover_enabled=&#8221;off&#8221; button_two_text_color__hover_enabled=&#8221;off&#8221; button_border_width__hover_enabled=&#8221;off&#8221; button_one_border_width__hover_enabled=&#8221;off&#8221; button_two_border_width__hover_enabled=&#8221;off&#8221; button_border_color__hover_enabled=&#8221;off&#8221; button_one_border_color__hover_enabled=&#8221;off&#8221; button_two_border_color__hover_enabled=&#8221;off&#8221; button_border_radius__hover_enabled=&#8221;off&#8221; button_one_border_radius__hover_enabled=&#8221;off&#8221; button_two_border_radius__hover_enabled=&#8221;off&#8221; button_letter_spacing__hover_enabled=&#8221;off&#8221; button_one_letter_spacing__hover_enabled=&#8221;off&#8221; button_two_letter_spacing__hover_enabled=&#8221;off&#8221; button_bg_color__hover_enabled=&#8221;off&#8221; button_one_bg_color__hover_enabled=&#8221;off&#8221; button_two_bg_color__hover_enabled=&#8221;off&#8221;][\/et_pb_contact_field][et_pb_contact_field field_id=&#8221;Tel&#8221; field_title=&#8221;Phone&#8221; fullwidth_field=&#8221;on&#8221; _builder_version=&#8221;4.23.1&#8243; global_colors_info=&#8221;{}&#8221; button_text_size__hover_enabled=&#8221;off&#8221; button_one_text_size__hover_enabled=&#8221;off&#8221; button_two_text_size__hover_enabled=&#8221;off&#8221; button_text_color__hover_enabled=&#8221;off&#8221; button_one_text_color__hover_enabled=&#8221;off&#8221; button_two_text_color__hover_enabled=&#8221;off&#8221; button_border_width__hover_enabled=&#8221;off&#8221; button_one_border_width__hover_enabled=&#8221;off&#8221; button_two_border_width__hover_enabled=&#8221;off&#8221; button_border_color__hover_enabled=&#8221;off&#8221; button_one_border_color__hover_enabled=&#8221;off&#8221; button_two_border_color__hover_enabled=&#8221;off&#8221; button_border_radius__hover_enabled=&#8221;off&#8221; button_one_border_radius__hover_enabled=&#8221;off&#8221; button_two_border_radius__hover_enabled=&#8221;off&#8221; button_letter_spacing__hover_enabled=&#8221;off&#8221; button_one_letter_spacing__hover_enabled=&#8221;off&#8221; button_two_letter_spacing__hover_enabled=&#8221;off&#8221; button_bg_color__hover_enabled=&#8221;off&#8221; button_one_bg_color__hover_enabled=&#8221;off&#8221; button_two_bg_color__hover_enabled=&#8221;off&#8221;][\/et_pb_contact_field][et_pb_contact_field field_id=&#8221;Message&#8221; field_title=&#8221;Message&#8221; field_type=&#8221;text&#8221; fullwidth_field=&#8221;on&#8221; _builder_version=&#8221;4.16&#8243; global_colors_info=&#8221;{}&#8221; button_text_size__hover_enabled=&#8221;off&#8221; button_one_text_size__hover_enabled=&#8221;off&#8221; button_two_text_size__hover_enabled=&#8221;off&#8221; button_text_color__hover_enabled=&#8221;off&#8221; button_one_text_color__hover_enabled=&#8221;off&#8221; button_two_text_color__hover_enabled=&#8221;off&#8221; button_border_width__hover_enabled=&#8221;off&#8221; button_one_border_width__hover_enabled=&#8221;off&#8221; button_two_border_width__hover_enabled=&#8221;off&#8221; button_border_color__hover_enabled=&#8221;off&#8221; button_one_border_color__hover_enabled=&#8221;off&#8221; button_two_border_color__hover_enabled=&#8221;off&#8221; button_border_radius__hover_enabled=&#8221;off&#8221; button_one_border_radius__hover_enabled=&#8221;off&#8221; button_two_border_radius__hover_enabled=&#8221;off&#8221; button_letter_spacing__hover_enabled=&#8221;off&#8221; button_one_letter_spacing__hover_enabled=&#8221;off&#8221; button_two_letter_spacing__hover_enabled=&#8221;off&#8221; button_bg_color__hover_enabled=&#8221;off&#8221; button_one_bg_color__hover_enabled=&#8221;off&#8221; button_two_bg_color__hover_enabled=&#8221;off&#8221;][\/et_pb_contact_field][et_pb_contact_field field_id=&#8221;rgpd&#8221; field_title=&#8221;Privacy&#8221; field_type=&#8221;checkbox&#8221; checkbox_options=&#8221;%91{%22value%22:%22I accept your Privacy Policy. Your email\\\/phone number will only be used to contact you.%22,%22checked%22:0,%22dragID%22:-1,%22link_url%22:%22\\\/mentions-legales\\\/%22}%93&#8243; fullwidth_field=&#8221;on&#8221; _builder_version=&#8221;4.23.1&#8243; _module_preset=&#8221;default&#8221; global_colors_info=&#8221;{}&#8221;][\/et_pb_contact_field][\/et_pb_contact_form][\/et_pb_column][et_pb_column type=&#8221;2_5&#8243; _builder_version=&#8221;4.23.1&#8243; custom_padding=&#8221;|||&#8221; global_colors_info=&#8221;{}&#8221; custom_padding__hover=&#8221;|||&#8221;][\/et_pb_column][\/et_pb_row][\/et_pb_section][et_pb_section fb_built=&#8221;1&#8243; module_id=&#8221;schedule&#8221; _builder_version=&#8221;4.23.1&#8243; custom_padding=&#8221;80px|0px|0|0px|false|false&#8221; global_colors_info=&#8221;{}&#8221;][et_pb_row _builder_version=&#8221;4.16&#8243; custom_padding=&#8221;|0px||0px|false|false&#8221; global_colors_info=&#8221;{}&#8221;][et_pb_column type=&#8221;4_4&#8243; _builder_version=&#8221;4.16&#8243; custom_padding=&#8221;|||&#8221; global_colors_info=&#8221;{}&#8221; custom_padding__hover=&#8221;|||&#8221;][et_pb_text _builder_version=&#8221;4.23.1&#8243; text_font=&#8221;Roboto|300|||||||&#8221; text_text_color=&#8221;#000000&#8243; text_font_size=&#8221;15px&#8221; text_line_height=&#8221;1.8em&#8221; header_font=&#8221;Poppins|700|||||||&#8221; header_text_align=&#8221;center&#8221; header_text_color=&#8221;#000000&#8243; header_line_height=&#8221;1.3em&#8221; text_orientation=&#8221;center&#8221; max_width=&#8221;514px&#8221; max_width_phone=&#8221;98%&#8221; max_width_last_edited=&#8221;off|desktop&#8221; module_alignment=&#8221;center&#8221; header_font_size_tablet=&#8221;&#8221; header_font_size_phone=&#8221;25px&#8221; header_font_size_last_edited=&#8221;on|desktop&#8221; global_colors_info=&#8221;{}&#8221;]<\/p>\n<h2>Visit the Montpellier\/Mauguio gallery<\/h2>\n<p><strong><em>Open Tuesday to Saturday, 10 a.m. to 12 p.m. and 2 p.m. to 6 p.m.<\/em><\/strong><\/p>\n<p>AD GALERIE &#8211; 335 Rue Etienne Lenoir &#8211; 34130 Mauguio &#8211; FRANCE<\/p>\n<p>[\/et_pb_text][et_pb_social_media_follow _builder_version=&#8221;4.23.1&#8243; text_orientation=&#8221;center&#8221; custom_margin=&#8221;49px|||||&#8221; border_radii=&#8221;on|111px|111px|111px|111px&#8221; global_colors_info=&#8221;{}&#8221;][et_pb_social_media_follow_network social_network=&#8221;linkedin&#8221; url=&#8221;https:\/\/www.linkedin.com\/in\/david-garcia-5b0a3a266\/&#8221; _builder_version=&#8221;4.23.1&#8243; background_color=&#8221;#545454&#8243; background_enable_color=&#8221;on&#8221; global_colors_info=&#8221;{}&#8221; follow_button=&#8221;off&#8221; url_new_window=&#8221;on&#8221;]linkedin[\/et_pb_social_media_follow_network][et_pb_social_media_follow_network social_network=&#8221;youtube&#8221; url=&#8221;https:\/\/www.youtube.com\/channel\/UCL-Xush60GMReT0IaknQz1w&#8221; _builder_version=&#8221;4.23.1&#8243; background_color=&#8221;#545454&#8243; background_enable_color=&#8221;on&#8221; global_colors_info=&#8221;{}&#8221; follow_button=&#8221;off&#8221; url_new_window=&#8221;on&#8221;]youtube[\/et_pb_social_media_follow_network][et_pb_social_media_follow_network social_network=&#8221;facebook&#8221; url=&#8221;https:\/\/www.facebook.com\/A-D-GALERIE-342336565501\/&#8221; _builder_version=&#8221;4.23.1&#8243; background_color=&#8221;#545454&#8243; background_enable_color=&#8221;on&#8221; global_colors_info=&#8221;{}&#8221; follow_button=&#8221;off&#8221; url_new_window=&#8221;on&#8221;]facebook[\/et_pb_social_media_follow_network][et_pb_social_media_follow_network social_network=&#8221;instagram&#8221; url=&#8221;https:\/\/www.instagram.com\/adgalerie\/&#8221; icon_color=&#8221;#FFFFFF&#8221; _builder_version=&#8221;4.23.1&#8243; background_color=&#8221;#545454&#8243; background_enable_color=&#8221;on&#8221; global_colors_info=&#8221;{}&#8221; follow_button=&#8221;off&#8221; url_new_window=&#8221;on&#8221;]instagram[\/et_pb_social_media_follow_network][et_pb_social_media_follow_network social_network=&#8221;google&#8221; url=&#8221;https:\/\/maps.app.goo.gl\/tNbGTGU7CtBEB65q8&#8243; _builder_version=&#8221;4.23.1&#8243; background_color=&#8221;#545454&#8243; background_enable_color=&#8221;on&#8221; global_colors_info=&#8221;{}&#8221; follow_button=&#8221;off&#8221; url_new_window=&#8221;on&#8221;]google[\/et_pb_social_media_follow_network][\/et_pb_social_media_follow][\/et_pb_column][\/et_pb_row][et_pb_row use_custom_gutter=&#8221;on&#8221; gutter_width=&#8221;1&#8243; module_class=&#8221; et_pb_row_fullwidth&#8221; _builder_version=&#8221;4.16&#8243; width=&#8221;100%&#8221; width_tablet=&#8221;100%&#8221; width_phone=&#8221;&#8221; width_last_edited=&#8221;on|desktop&#8221; max_width=&#8221;100%&#8221; max_width_tablet=&#8221;100%&#8221; max_width_phone=&#8221;&#8221; max_width_last_edited=&#8221;on|desktop&#8221; custom_padding=&#8221;36px|0px|0|0px|false|false&#8221; make_fullwidth=&#8221;on&#8221; global_colors_info=&#8221;{}&#8221;][et_pb_column type=&#8221;4_4&#8243; _builder_version=&#8221;4.16&#8243; custom_padding=&#8221;|||&#8221; global_colors_info=&#8221;{}&#8221; custom_padding__hover=&#8221;|||&#8221;][et_pb_code _builder_version=&#8221;4.23.1&#8243; global_colors_info=&#8221;{}&#8221;]<iframe loading=\"lazy\" src=\"https:\/\/www.google.com\/maps\/embed?pb=!1m14!1m8!1m3!1d11558.703960258208!2d3.9418671!3d43.5924648!3m2!1i1024!2i768!4f13.1!3m3!1m2!1s0x12b10ef53cf2e0b9%3A0x98af0f2933acd716!2sAD%20Galerie%20Montpellier!5e0!3m2!1sfr!2sfr!4v1699437277019!5m2!1sfr!2sfr\" width=\"100%\" height=\"450\" frameborder=\"0\" style=\"border:0\" allowfullscreen=\"\"><\/iframe>[\/et_pb_code][\/et_pb_column][\/et_pb_row][\/et_pb_section]<\/p>\n","protected":false},"excerpt":{"rendered":"<p>Visit the Montpellier\/Mauguio gallery Open Tuesday to Saturday, 10 a.m. to 12 p.m. and 2 p.m. to 6 p.m. AD GALERIE &#8211; 335 Rue Etienne Lenoir &#8211; 34130 Mauguio &#8211; FRANCE<\/p>\n","protected":false},"author":1,"featured_media":229,"parent":0,"menu_order":0,"comment_status":"closed","ping_status":"closed","template":"","meta":{"_acf_changed":false,"_et_pb_use_builder":"on","_et_pb_old_content":"","_et_gb_content_width":"","footnotes":""},"class_list":["post-25453","page","type-page","status-publish","has-post-thumbnail","hentry"],"acf":[],"yoast_head":"<!-- This site is optimized with the Yoast SEO plugin v27.2 - https:\/\/yoast.com\/product\/yoast-seo-wordpress\/ -->\n<title>Contact<\/title>\n<meta name=\"description\" content=\"Cobntact or Visit the gallery in Montpellier\/Mauguio Open Tuesday to Saturday, 10am to 12pm and 2pm to 6pm, 34130 Mauguio - FRANCE\" \/>\n<meta name=\"robots\" content=\"index, follow, max-snippet:-1, max-image-preview:large, max-video-preview:-1\" \/>\n<link rel=\"canonical\" href=\"https:\/\/www.adgalerie.com\/en\/contact\/\" \/>\n<meta property=\"og:locale\" content=\"en_US\" \/>\n<meta property=\"og:type\" content=\"article\" \/>\n<meta property=\"og:title\" content=\"Contact\" \/>\n<meta property=\"og:description\" content=\"Cobntact or Visit the gallery in Montpellier\/Mauguio Open Tuesday to Saturday, 10am to 12pm and 2pm to 6pm, 34130 Mauguio - FRANCE\" \/>\n<meta property=\"og:url\" content=\"https:\/\/www.adgalerie.com\/en\/contact\/\" \/>\n<meta property=\"og:site_name\" content=\"AD Galerie d&#039;art contemporain \u00e0 Montpellier depuis 1998\" \/>\n<meta property=\"article:publisher\" content=\"https:\/\/www.facebook.com\/A-D-GALERIE-342336565501\/\" \/>\n<meta property=\"article:modified_time\" content=\"2023-12-01T12:13:01+00:00\" \/>\n<meta property=\"og:image\" content=\"https:\/\/www.adgalerie.com\/wp-content\/uploads\/2023\/11\/Vue-3-exposition-la-spirale-du-temps.jpg\" \/>\n\t<meta property=\"og:image:width\" content=\"1024\" \/>\n\t<meta property=\"og:image:height\" content=\"699\" \/>\n\t<meta property=\"og:image:type\" content=\"image\/jpeg\" \/>\n<script type=\"application\/ld+json\" class=\"yoast-schema-graph\">{\"@context\":\"https:\/\/schema.org\",\"@graph\":[{\"@type\":\"WebPage\",\"@id\":\"https:\/\/www.adgalerie.com\/en\/contact\/\",\"url\":\"https:\/\/www.adgalerie.com\/en\/contact\/\",\"name\":\"Contact\",\"isPartOf\":{\"@id\":\"https:\/\/www.adgalerie.com\/en\/#website\"},\"primaryImageOfPage\":{\"@id\":\"https:\/\/www.adgalerie.com\/en\/contact\/#primaryimage\"},\"image\":{\"@id\":\"https:\/\/www.adgalerie.com\/en\/contact\/#primaryimage\"},\"thumbnailUrl\":\"https:\/\/www.adgalerie.com\/wp-content\/uploads\/2023\/11\/Vue-3-exposition-la-spirale-du-temps.jpg\",\"datePublished\":\"2023-11-08T10:01:33+00:00\",\"dateModified\":\"2023-12-01T12:13:01+00:00\",\"description\":\"Cobntact or Visit the gallery in Montpellier\/Mauguio Open Tuesday to Saturday, 10am to 12pm and 2pm to 6pm, 34130 Mauguio - FRANCE\",\"breadcrumb\":{\"@id\":\"https:\/\/www.adgalerie.com\/en\/contact\/#breadcrumb\"},\"inLanguage\":\"en-US\",\"potentialAction\":[{\"@type\":\"ReadAction\",\"target\":[\"https:\/\/www.adgalerie.com\/en\/contact\/\"]}]},{\"@type\":\"ImageObject\",\"inLanguage\":\"en-US\",\"@id\":\"https:\/\/www.adgalerie.com\/en\/contact\/#primaryimage\",\"url\":\"https:\/\/www.adgalerie.com\/wp-content\/uploads\/2023\/11\/Vue-3-exposition-la-spirale-du-temps.jpg\",\"contentUrl\":\"https:\/\/www.adgalerie.com\/wp-content\/uploads\/2023\/11\/Vue-3-exposition-la-spirale-du-temps.jpg\",\"width\":1024,\"height\":699,\"caption\":\"Vue exposition Herv\u00e9 di Ros\u00e9, AD Galerie Montpellier.\"},{\"@type\":\"BreadcrumbList\",\"@id\":\"https:\/\/www.adgalerie.com\/en\/contact\/#breadcrumb\",\"itemListElement\":[{\"@type\":\"ListItem\",\"position\":1,\"name\":\"Home Gallery\",\"item\":\"https:\/\/www.adgalerie.com\/en\/\"},{\"@type\":\"ListItem\",\"position\":2,\"name\":\"Contact\"}]},{\"@type\":\"WebSite\",\"@id\":\"https:\/\/www.adgalerie.com\/en\/#website\",\"url\":\"https:\/\/www.adgalerie.com\/en\/\",\"name\":\"AD Galerie d&#039;art contemporain \u00e0 Montpellier depuis 1998\",\"description\":\"Nouvel espace d\u2019exposition de 700 m2, au style industriel, o\u00f9 tout a \u00e9t\u00e9 pens\u00e9 et mis en \u0153uvre pour pr\u00e9senter les \u0153uvres d\u2019art,\",\"publisher\":{\"@id\":\"https:\/\/www.adgalerie.com\/en\/#organization\"},\"alternateName\":\"AD Galerie Montpellier\",\"potentialAction\":[{\"@type\":\"SearchAction\",\"target\":{\"@type\":\"EntryPoint\",\"urlTemplate\":\"https:\/\/www.adgalerie.com\/en\/?s={search_term_string}\"},\"query-input\":{\"@type\":\"PropertyValueSpecification\",\"valueRequired\":true,\"valueName\":\"search_term_string\"}}],\"inLanguage\":\"en-US\"},{\"@type\":\"Organization\",\"@id\":\"https:\/\/www.adgalerie.com\/en\/#organization\",\"name\":\"AD Galerie\",\"alternateName\":\"AD Galerie Montpellier\",\"url\":\"https:\/\/www.adgalerie.com\/en\/\",\"logo\":{\"@type\":\"ImageObject\",\"inLanguage\":\"en-US\",\"@id\":\"https:\/\/www.adgalerie.com\/en\/#\/schema\/logo\/image\/\",\"url\":\"https:\/\/www.adgalerie.com\/wp-content\/uploads\/2023\/10\/galerie-art-montpellier-facebook.jpg\",\"contentUrl\":\"https:\/\/www.adgalerie.com\/wp-content\/uploads\/2023\/10\/galerie-art-montpellier-facebook.jpg\",\"width\":1300,\"height\":1100,\"caption\":\"AD Galerie\"},\"image\":{\"@id\":\"https:\/\/www.adgalerie.com\/en\/#\/schema\/logo\/image\/\"},\"sameAs\":[\"https:\/\/www.facebook.com\/A-D-GALERIE-342336565501\/\",\"https:\/\/www.instagram.com\/adgalerie\/\",\"https:\/\/www.linkedin.com\/in\/david-garcia-5b0a3a266\/\",\"https:\/\/www.youtube.com\/channel\/UCL-Xush60GMReT0IaknQz1w\"]}]}<\/script>\n<!-- \/ Yoast SEO plugin. -->","yoast_head_json":{"title":"Contact","description":"Cobntact or Visit the gallery in Montpellier\/Mauguio Open Tuesday to Saturday, 10am to 12pm and 2pm to 6pm, 34130 Mauguio - FRANCE","robots":{"index":"index","follow":"follow","max-snippet":"max-snippet:-1","max-image-preview":"max-image-preview:large","max-video-preview":"max-video-preview:-1"},"canonical":"https:\/\/www.adgalerie.com\/en\/contact\/","og_locale":"en_US","og_type":"article","og_title":"Contact","og_description":"Cobntact or Visit the gallery in Montpellier\/Mauguio Open Tuesday to Saturday, 10am to 12pm and 2pm to 6pm, 34130 Mauguio - FRANCE","og_url":"https:\/\/www.adgalerie.com\/en\/contact\/","og_site_name":"AD Galerie d&#039;art contemporain \u00e0 Montpellier depuis 1998","article_publisher":"https:\/\/www.facebook.com\/A-D-GALERIE-342336565501\/","article_modified_time":"2023-12-01T12:13:01+00:00","og_image":[{"width":1024,"height":699,"url":"https:\/\/www.adgalerie.com\/wp-content\/uploads\/2023\/11\/Vue-3-exposition-la-spirale-du-temps.jpg","type":"image\/jpeg"}],"schema":{"@context":"https:\/\/schema.org","@graph":[{"@type":"WebPage","@id":"https:\/\/www.adgalerie.com\/en\/contact\/","url":"https:\/\/www.adgalerie.com\/en\/contact\/","name":"Contact","isPartOf":{"@id":"https:\/\/www.adgalerie.com\/en\/#website"},"primaryImageOfPage":{"@id":"https:\/\/www.adgalerie.com\/en\/contact\/#primaryimage"},"image":{"@id":"https:\/\/www.adgalerie.com\/en\/contact\/#primaryimage"},"thumbnailUrl":"https:\/\/www.adgalerie.com\/wp-content\/uploads\/2023\/11\/Vue-3-exposition-la-spirale-du-temps.jpg","datePublished":"2023-11-08T10:01:33+00:00","dateModified":"2023-12-01T12:13:01+00:00","description":"Cobntact or Visit the gallery in Montpellier\/Mauguio Open Tuesday to Saturday, 10am to 12pm and 2pm to 6pm, 34130 Mauguio - FRANCE","breadcrumb":{"@id":"https:\/\/www.adgalerie.com\/en\/contact\/#breadcrumb"},"inLanguage":"en-US","potentialAction":[{"@type":"ReadAction","target":["https:\/\/www.adgalerie.com\/en\/contact\/"]}]},{"@type":"ImageObject","inLanguage":"en-US","@id":"https:\/\/www.adgalerie.com\/en\/contact\/#primaryimage","url":"https:\/\/www.adgalerie.com\/wp-content\/uploads\/2023\/11\/Vue-3-exposition-la-spirale-du-temps.jpg","contentUrl":"https:\/\/www.adgalerie.com\/wp-content\/uploads\/2023\/11\/Vue-3-exposition-la-spirale-du-temps.jpg","width":1024,"height":699,"caption":"Vue exposition Herv\u00e9 di Ros\u00e9, AD Galerie Montpellier."},{"@type":"BreadcrumbList","@id":"https:\/\/www.adgalerie.com\/en\/contact\/#breadcrumb","itemListElement":[{"@type":"ListItem","position":1,"name":"Home Gallery","item":"https:\/\/www.adgalerie.com\/en\/"},{"@type":"ListItem","position":2,"name":"Contact"}]},{"@type":"WebSite","@id":"https:\/\/www.adgalerie.com\/en\/#website","url":"https:\/\/www.adgalerie.com\/en\/","name":"AD Galerie d&#039;art contemporain \u00e0 Montpellier depuis 1998","description":"Nouvel espace d\u2019exposition de 700 m2, au style industriel, o\u00f9 tout a \u00e9t\u00e9 pens\u00e9 et mis en \u0153uvre pour pr\u00e9senter les \u0153uvres d\u2019art,","publisher":{"@id":"https:\/\/www.adgalerie.com\/en\/#organization"},"alternateName":"AD Galerie Montpellier","potentialAction":[{"@type":"SearchAction","target":{"@type":"EntryPoint","urlTemplate":"https:\/\/www.adgalerie.com\/en\/?s={search_term_string}"},"query-input":{"@type":"PropertyValueSpecification","valueRequired":true,"valueName":"search_term_string"}}],"inLanguage":"en-US"},{"@type":"Organization","@id":"https:\/\/www.adgalerie.com\/en\/#organization","name":"AD Galerie","alternateName":"AD Galerie Montpellier","url":"https:\/\/www.adgalerie.com\/en\/","logo":{"@type":"ImageObject","inLanguage":"en-US","@id":"https:\/\/www.adgalerie.com\/en\/#\/schema\/logo\/image\/","url":"https:\/\/www.adgalerie.com\/wp-content\/uploads\/2023\/10\/galerie-art-montpellier-facebook.jpg","contentUrl":"https:\/\/www.adgalerie.com\/wp-content\/uploads\/2023\/10\/galerie-art-montpellier-facebook.jpg","width":1300,"height":1100,"caption":"AD Galerie"},"image":{"@id":"https:\/\/www.adgalerie.com\/en\/#\/schema\/logo\/image\/"},"sameAs":["https:\/\/www.facebook.com\/A-D-GALERIE-342336565501\/","https:\/\/www.instagram.com\/adgalerie\/","https:\/\/www.linkedin.com\/in\/david-garcia-5b0a3a266\/","https:\/\/www.youtube.com\/channel\/UCL-Xush60GMReT0IaknQz1w"]}]}},"_links":{"self":[{"href":"https:\/\/www.adgalerie.com\/en\/wp-json\/wp\/v2\/pages\/25453","targetHints":{"allow":["GET"]}}],"collection":[{"href":"https:\/\/www.adgalerie.com\/en\/wp-json\/wp\/v2\/pages"}],"about":[{"href":"https:\/\/www.adgalerie.com\/en\/wp-json\/wp\/v2\/types\/page"}],"author":[{"embeddable":true,"href":"https:\/\/www.adgalerie.com\/en\/wp-json\/wp\/v2\/users\/1"}],"replies":[{"embeddable":true,"href":"https:\/\/www.adgalerie.com\/en\/wp-json\/wp\/v2\/comments?post=25453"}],"version-history":[{"count":2,"href":"https:\/\/www.adgalerie.com\/en\/wp-json\/wp\/v2\/pages\/25453\/revisions"}],"predecessor-version":[{"id":25455,"href":"https:\/\/www.adgalerie.com\/en\/wp-json\/wp\/v2\/pages\/25453\/revisions\/25455"}],"wp:featuredmedia":[{"embeddable":true,"href":"https:\/\/www.adgalerie.com\/en\/wp-json\/wp\/v2\/media\/229"}],"wp:attachment":[{"href":"https:\/\/www.adgalerie.com\/en\/wp-json\/wp\/v2\/media?parent=25453"}],"curies":[{"name":"wp","href":"https:\/\/api.w.org\/{rel}","templated":true}]}}