{"id":27685,"date":"2026-02-18T08:01:33","date_gmt":"2026-02-18T08:01:33","guid":{"rendered":"https:\/\/www.adgalerie.com\/art-publications-a-new-experience-at-ad-galerie\/"},"modified":"2026-02-19T08:31:41","modified_gmt":"2026-02-19T08:31:41","slug":"art-publications","status":"publish","type":"page","link":"https:\/\/www.adgalerie.com\/en\/art-publications\/","title":{"rendered":"Art publications: a new experience at AD Galerie"},"content":{"rendered":"<p>[et_pb_section fb_built=&#8221;1&#8243; _builder_version=&#8221;4.27.5&#8243; _module_preset=&#8221;default&#8221; background_image=&#8221;https:\/\/www.adgalerie.com\/wp-content\/uploads\/2024\/02\/AD-Galerie-montpellier-interieur-03.jpg&#8221; background_position=&#8221;top_center&#8221; background_vertical_offset=&#8221;18%&#8221; custom_padding=&#8221;150px||150px||true|false&#8221; global_colors_info=&#8221;{}&#8221;][\/et_pb_section][et_pb_section fb_built=&#8221;1&#8243; _builder_version=&#8221;4.22.2&#8243; _module_preset=&#8221;default&#8221; custom_padding=&#8221;9px||5px|||&#8221; global_colors_info=&#8221;{}&#8221;][et_pb_row _builder_version=&#8221;4.22.2&#8243; _module_preset=&#8221;default&#8221; global_colors_info=&#8221;{}&#8221;][et_pb_column type=&#8221;4_4&#8243; _builder_version=&#8221;4.22.2&#8243; _module_preset=&#8221;default&#8221; global_colors_info=&#8221;{}&#8221;][et_pb_text _builder_version=&#8221;4.27.5&#8243; _module_preset=&#8221;default&#8221; header_font=&#8221;|||on|||||&#8221; global_colors_info=&#8221;{}&#8221;]<\/p>\n<h1>Art Editions<\/h1>\n<p>[\/et_pb_text][et_pb_text _builder_version=&#8221;4.22.2&#8243; _module_preset=&#8221;default&#8221; global_colors_info=&#8221;{}&#8221;]<span><span><a href=\"https:\/\/www.adgalerie.com\/en\/\">Home Gallery<\/a><\/span><\/span><br \/>\n[\/et_pb_text][et_pb_divider divider_weight=&#8221;2px&#8221; _builder_version=&#8221;4.22.2&#8243; _module_preset=&#8221;default&#8221; module_alignment=&#8221;center&#8221; global_colors_info=&#8221;{}&#8221;][\/et_pb_divider][et_pb_text _builder_version=&#8221;4.27.5&#8243; _module_preset=&#8221;default&#8221; header_font=&#8221;|||on|||||&#8221; global_colors_info=&#8221;{}&#8221;]<\/p>\n<p>At <strong>AD Galerie<\/strong>, artistic creation continues to evolve. We are pleased to present a major new addition: art editions featuring limited-edition, numbered, and signed sculptures. Exclusive artworks by renowned artists.<\/p>\n<p>The art edition collection offers art enthusiasts an accessible way to explore the world of art.<\/p>\n<p>Sculpture is one of the most prestigious and enduring art forms.<\/p>\n<p>With limited-edition works, it becomes more accessible and diverse. These sculptures are produced in limited series, offering collectors the opportunity to acquire high-quality works signed by renowned artists.<\/p>\n<p>For an edition sculpture, the artist determines the number of copies, and each one is signed and numbered. The edition allows the artist&#8217;s concept to reach a wider audience without compromising artistic integrity. Limited editions make art more affordable while maintaining exclusivity through the limited number of copies.<\/p>\n<p>This Editions page is intended to become a space dedicated to these unique creations. Here you will gradually discover the different editions available, each with:<\/p>\n<p>\u2022 <strong>limited editions<\/strong><br \/>\u2022 numbered edition<br \/>\u2022 edition specifications<br \/>\u2022 as well as a pre-order form allowing you to reserve your copy in advance.<\/p>\n<p>The first edition is available now, and other art editions will be unveiled very soon.<\/p>\n<p>This <strong>new approach<\/strong> marks an important step for AD Galerie, with the ambition of regularly offering new editions, always consistent with the gallery&#8217;s artistic vision.<\/p>\n<p>[\/et_pb_text][\/et_pb_column][\/et_pb_row][et_pb_row column_structure=&#8221;1_2,1_2&#8243; _builder_version=&#8221;4.22.2&#8243; _module_preset=&#8221;default&#8221; custom_padding=&#8221;28px||7px|||&#8221; global_colors_info=&#8221;{}&#8221;][et_pb_column type=&#8221;1_2&#8243; _builder_version=&#8221;4.22.2&#8243; _module_preset=&#8221;default&#8221; global_colors_info=&#8221;{}&#8221;][et_pb_text _builder_version=&#8221;4.27.5&#8243; _module_preset=&#8221;default&#8221; global_colors_info=&#8221;{}&#8221;]<\/p>\n<h2>OUR ART EDITIONS<\/h2>\n<p>[\/et_pb_text][\/et_pb_column][et_pb_column type=&#8221;1_2&#8243; _builder_version=&#8221;4.22.2&#8243; _module_preset=&#8221;default&#8221; global_colors_info=&#8221;{}&#8221;][\/et_pb_column][\/et_pb_row][et_pb_row _builder_version=&#8221;4.22.2&#8243; _module_preset=&#8221;default&#8221; custom_padding=&#8221;10px||4px|||&#8221; global_colors_info=&#8221;{}&#8221;][et_pb_column type=&#8221;4_4&#8243; _builder_version=&#8221;4.22.2&#8243; _module_preset=&#8221;default&#8221; global_colors_info=&#8221;{}&#8221;][et_pb_divider divider_weight=&#8221;2px&#8221; _builder_version=&#8221;4.22.2&#8243; _module_preset=&#8221;default&#8221; module_alignment=&#8221;center&#8221; global_colors_info=&#8221;{}&#8221;][\/et_pb_divider][\/et_pb_column][\/et_pb_row][\/et_pb_section][et_pb_section fb_built=&#8221;1&#8243; _builder_version=&#8221;4.23.1&#8243; _module_preset=&#8221;default&#8221; custom_padding=&#8221;5px|||||&#8221; global_colors_info=&#8221;{}&#8221;][et_pb_row column_structure=&#8221;1_3,1_3,1_3&#8243; admin_label=&#8221;Line&#8221; _builder_version=&#8221;4.23.1&#8243; _module_preset=&#8221;default&#8221; custom_padding=&#8221;0px|0px|0px|0px|false|false&#8221; global_colors_info=&#8221;{}&#8221;][et_pb_column type=&#8221;1_3&#8243; _builder_version=&#8221;4.23.1&#8243; _module_preset=&#8221;default&#8221; global_colors_info=&#8221;{}&#8221;][et_pb_image src=&#8221;https:\/\/www.adgalerie.com\/wp-content\/uploads\/2026\/01\/Herve-di-rosa-presentation-bolide.jpg&#8221; alt=&#8221;HERVE DI ROSA Sculpture \u00ab Bolide grotesque \u00bb&#8221; title_text=&#8221;HERVE DI ROSA Sculpture \u00ab Bolide grotesque \u00bb&#8221; url=&#8221;https:\/\/www.adgalerie.com\/en\/art-publications\/herve-di-rosa-sculpture-grotesque-bolide\/&#8221; _builder_version=&#8221;4.27.5&#8243; _module_preset=&#8221;default&#8221; hover_enabled=&#8221;0&#8243; global_colors_info=&#8221;{}&#8221; transform_styles__hover_enabled=&#8221;on|hover&#8221; transform_scale__hover_enabled=&#8221;on|hover&#8221; transform_translate__hover_enabled=&#8221;on|desktop&#8221; transform_rotate__hover_enabled=&#8221;on|desktop&#8221; transform_skew__hover_enabled=&#8221;on|desktop&#8221; transform_origin__hover_enabled=&#8221;on|desktop&#8221; sticky_enabled=&#8221;0&#8243; transform_scale__hover=&#8221;105%|105%&#8221;][\/et_pb_image][et_pb_text _builder_version=&#8221;4.27.5&#8243; _module_preset=&#8221;default&#8221; text_orientation=&#8221;center&#8221; global_colors_info=&#8221;{}&#8221;]HERVE DI ROSA<br \/>\nSculpture &#8220;Grotesque Bolide&#8221;<br \/>\n300 copies[\/et_pb_text][et_pb_button button_url=&#8221;https:\/\/www.adgalerie.com\/en\/art-publications\/herve-di-rosa-sculpture-grotesque-bolide\/&#8221; button_text=&#8221;See the edition&#8221; button_alignment=&#8221;center&#8221; _builder_version=&#8221;4.27.5&#8243; _module_preset=&#8221;default&#8221; custom_button=&#8221;on&#8221; button_text_size=&#8221;16px&#8221; global_colors_info=&#8221;{}&#8221;][\/et_pb_button][\/et_pb_column][et_pb_column type=&#8221;1_3&#8243; _builder_version=&#8221;4.23.1&#8243; _module_preset=&#8221;default&#8221; global_colors_info=&#8221;{}&#8221;][\/et_pb_column][et_pb_column type=&#8221;1_3&#8243; _builder_version=&#8221;4.23.1&#8243; _module_preset=&#8221;default&#8221; global_colors_info=&#8221;{}&#8221;][\/et_pb_column][\/et_pb_row][\/et_pb_section]<\/p>\n","protected":false},"excerpt":{"rendered":"<p>Art Editions<span><span><a href=\"https:\/\/www.adgalerie.com\/en\/\">Home Gallery<\/a><\/span><\/span> At AD Galerie, artistic creation continues to evolve. We are pleased to present a major new addition: art editions featuring limited-edition, numbered, and signed sculptures. Exclusive artworks by renowned artists. The art edition collection offers art enthusiasts an accessible way to explore the world of art. Sculpture is one of the most prestigious [&hellip;]<\/p>\n","protected":false},"author":1,"featured_media":26233,"parent":0,"menu_order":0,"comment_status":"closed","ping_status":"closed","template":"","meta":{"_acf_changed":false,"_et_pb_use_builder":"on","_et_pb_old_content":"","_et_gb_content_width":"","footnotes":""},"class_list":["post-27685","page","type-page","status-publish","has-post-thumbnail","hentry"],"acf":[],"yoast_head":"<!-- This site is optimized with the Yoast SEO plugin v27.2 - https:\/\/yoast.com\/product\/yoast-seo-wordpress\/ -->\n<title>Limited Edition Art Prints \u2013 New | AD Gallery<\/title>\n<meta name=\"description\" content=\"Discover AD Galerie&#039;s limited edition art prints: numbered works, controlled prints, and pre-orders now open. More editions are coming very soon.\" \/>\n<meta name=\"robots\" content=\"index, follow, max-snippet:-1, max-image-preview:large, max-video-preview:-1\" \/>\n<link rel=\"canonical\" href=\"https:\/\/www.adgalerie.com\/en\/art-publications\/\" \/>\n<meta property=\"og:locale\" content=\"en_US\" \/>\n<meta property=\"og:type\" content=\"article\" \/>\n<meta property=\"og:title\" content=\"Limited Edition Art Prints \u2013 New | AD Gallery\" \/>\n<meta property=\"og:description\" content=\"Discover AD Galerie&#039;s limited edition art prints: numbered works, controlled prints, and pre-orders now open. More editions are coming very soon.\" \/>\n<meta property=\"og:url\" content=\"https:\/\/www.adgalerie.com\/en\/art-publications\/\" \/>\n<meta property=\"og:site_name\" content=\"AD Galerie d&#039;art contemporain \u00e0 Montpellier depuis 1998\" \/>\n<meta property=\"article:publisher\" content=\"https:\/\/www.facebook.com\/A-D-GALERIE-342336565501\/\" \/>\n<meta property=\"article:modified_time\" content=\"2026-02-19T08:31:41+00:00\" \/>\n<meta property=\"og:image\" content=\"https:\/\/www.adgalerie.com\/wp-content\/uploads\/2024\/02\/AD-Galerie-montpellier-exterieur-01.jpg\" \/>\n\t<meta property=\"og:image:width\" content=\"1200\" \/>\n\t<meta property=\"og:image:height\" content=\"1200\" \/>\n\t<meta property=\"og:image:type\" content=\"image\/jpeg\" \/>\n<script type=\"application\/ld+json\" class=\"yoast-schema-graph\">{\"@context\":\"https:\/\/schema.org\",\"@graph\":[{\"@type\":\"WebPage\",\"@id\":\"https:\/\/www.adgalerie.com\/en\/art-publications\/\",\"url\":\"https:\/\/www.adgalerie.com\/en\/art-publications\/\",\"name\":\"Limited Edition Art Prints \u2013 New | AD Gallery\",\"isPartOf\":{\"@id\":\"https:\/\/www.adgalerie.com\/en\/#website\"},\"primaryImageOfPage\":{\"@id\":\"https:\/\/www.adgalerie.com\/en\/art-publications\/#primaryimage\"},\"image\":{\"@id\":\"https:\/\/www.adgalerie.com\/en\/art-publications\/#primaryimage\"},\"thumbnailUrl\":\"https:\/\/www.adgalerie.com\/wp-content\/uploads\/2024\/02\/AD-Galerie-montpellier-exterieur-01.jpg\",\"datePublished\":\"2026-02-18T08:01:33+00:00\",\"dateModified\":\"2026-02-19T08:31:41+00:00\",\"description\":\"Discover AD Galerie's limited edition art prints: numbered works, controlled prints, and pre-orders now open. More editions are coming very soon.\",\"breadcrumb\":{\"@id\":\"https:\/\/www.adgalerie.com\/en\/art-publications\/#breadcrumb\"},\"inLanguage\":\"en-US\",\"potentialAction\":[{\"@type\":\"ReadAction\",\"target\":[\"https:\/\/www.adgalerie.com\/en\/art-publications\/\"]}]},{\"@type\":\"ImageObject\",\"inLanguage\":\"en-US\",\"@id\":\"https:\/\/www.adgalerie.com\/en\/art-publications\/#primaryimage\",\"url\":\"https:\/\/www.adgalerie.com\/wp-content\/uploads\/2024\/02\/AD-Galerie-montpellier-exterieur-01.jpg\",\"contentUrl\":\"https:\/\/www.adgalerie.com\/wp-content\/uploads\/2024\/02\/AD-Galerie-montpellier-exterieur-01.jpg\",\"width\":1200,\"height\":1200,\"caption\":\"Discover the contemporary art gallery in Montpellier, AD Galerie\"},{\"@type\":\"BreadcrumbList\",\"@id\":\"https:\/\/www.adgalerie.com\/en\/art-publications\/#breadcrumb\",\"itemListElement\":[{\"@type\":\"ListItem\",\"position\":1,\"name\":\"Home Gallery\",\"item\":\"https:\/\/www.adgalerie.com\/en\/\"},{\"@type\":\"ListItem\",\"position\":2,\"name\":\"Art publications: a new experience at AD Galerie\"}]},{\"@type\":\"WebSite\",\"@id\":\"https:\/\/www.adgalerie.com\/en\/#website\",\"url\":\"https:\/\/www.adgalerie.com\/en\/\",\"name\":\"AD Galerie d&#039;art contemporain \u00e0 Montpellier depuis 1998\",\"description\":\"Nouvel espace d\u2019exposition de 700 m2, au style industriel, o\u00f9 tout a \u00e9t\u00e9 pens\u00e9 et mis en \u0153uvre pour pr\u00e9senter les \u0153uvres d\u2019art,\",\"publisher\":{\"@id\":\"https:\/\/www.adgalerie.com\/en\/#organization\"},\"alternateName\":\"AD Galerie Montpellier\",\"potentialAction\":[{\"@type\":\"SearchAction\",\"target\":{\"@type\":\"EntryPoint\",\"urlTemplate\":\"https:\/\/www.adgalerie.com\/en\/?s={search_term_string}\"},\"query-input\":{\"@type\":\"PropertyValueSpecification\",\"valueRequired\":true,\"valueName\":\"search_term_string\"}}],\"inLanguage\":\"en-US\"},{\"@type\":\"Organization\",\"@id\":\"https:\/\/www.adgalerie.com\/en\/#organization\",\"name\":\"AD Galerie\",\"alternateName\":\"AD Galerie Montpellier\",\"url\":\"https:\/\/www.adgalerie.com\/en\/\",\"logo\":{\"@type\":\"ImageObject\",\"inLanguage\":\"en-US\",\"@id\":\"https:\/\/www.adgalerie.com\/en\/#\/schema\/logo\/image\/\",\"url\":\"https:\/\/www.adgalerie.com\/wp-content\/uploads\/2023\/10\/galerie-art-montpellier-facebook.jpg\",\"contentUrl\":\"https:\/\/www.adgalerie.com\/wp-content\/uploads\/2023\/10\/galerie-art-montpellier-facebook.jpg\",\"width\":1300,\"height\":1100,\"caption\":\"AD Galerie\"},\"image\":{\"@id\":\"https:\/\/www.adgalerie.com\/en\/#\/schema\/logo\/image\/\"},\"sameAs\":[\"https:\/\/www.facebook.com\/A-D-GALERIE-342336565501\/\",\"https:\/\/www.instagram.com\/adgalerie\/\",\"https:\/\/www.linkedin.com\/in\/david-garcia-5b0a3a266\/\",\"https:\/\/www.youtube.com\/channel\/UCL-Xush60GMReT0IaknQz1w\"]}]}<\/script>\n<!-- \/ Yoast SEO plugin. -->","yoast_head_json":{"title":"Limited Edition Art Prints \u2013 New | AD Gallery","description":"Discover AD Galerie's limited edition art prints: numbered works, controlled prints, and pre-orders now open. More editions are coming very soon.","robots":{"index":"index","follow":"follow","max-snippet":"max-snippet:-1","max-image-preview":"max-image-preview:large","max-video-preview":"max-video-preview:-1"},"canonical":"https:\/\/www.adgalerie.com\/en\/art-publications\/","og_locale":"en_US","og_type":"article","og_title":"Limited Edition Art Prints \u2013 New | AD Gallery","og_description":"Discover AD Galerie's limited edition art prints: numbered works, controlled prints, and pre-orders now open. More editions are coming very soon.","og_url":"https:\/\/www.adgalerie.com\/en\/art-publications\/","og_site_name":"AD Galerie d&#039;art contemporain \u00e0 Montpellier depuis 1998","article_publisher":"https:\/\/www.facebook.com\/A-D-GALERIE-342336565501\/","article_modified_time":"2026-02-19T08:31:41+00:00","og_image":[{"width":1200,"height":1200,"url":"https:\/\/www.adgalerie.com\/wp-content\/uploads\/2024\/02\/AD-Galerie-montpellier-exterieur-01.jpg","type":"image\/jpeg"}],"schema":{"@context":"https:\/\/schema.org","@graph":[{"@type":"WebPage","@id":"https:\/\/www.adgalerie.com\/en\/art-publications\/","url":"https:\/\/www.adgalerie.com\/en\/art-publications\/","name":"Limited Edition Art Prints \u2013 New | AD Gallery","isPartOf":{"@id":"https:\/\/www.adgalerie.com\/en\/#website"},"primaryImageOfPage":{"@id":"https:\/\/www.adgalerie.com\/en\/art-publications\/#primaryimage"},"image":{"@id":"https:\/\/www.adgalerie.com\/en\/art-publications\/#primaryimage"},"thumbnailUrl":"https:\/\/www.adgalerie.com\/wp-content\/uploads\/2024\/02\/AD-Galerie-montpellier-exterieur-01.jpg","datePublished":"2026-02-18T08:01:33+00:00","dateModified":"2026-02-19T08:31:41+00:00","description":"Discover AD Galerie's limited edition art prints: numbered works, controlled prints, and pre-orders now open. More editions are coming very soon.","breadcrumb":{"@id":"https:\/\/www.adgalerie.com\/en\/art-publications\/#breadcrumb"},"inLanguage":"en-US","potentialAction":[{"@type":"ReadAction","target":["https:\/\/www.adgalerie.com\/en\/art-publications\/"]}]},{"@type":"ImageObject","inLanguage":"en-US","@id":"https:\/\/www.adgalerie.com\/en\/art-publications\/#primaryimage","url":"https:\/\/www.adgalerie.com\/wp-content\/uploads\/2024\/02\/AD-Galerie-montpellier-exterieur-01.jpg","contentUrl":"https:\/\/www.adgalerie.com\/wp-content\/uploads\/2024\/02\/AD-Galerie-montpellier-exterieur-01.jpg","width":1200,"height":1200,"caption":"Discover the contemporary art gallery in Montpellier, AD Galerie"},{"@type":"BreadcrumbList","@id":"https:\/\/www.adgalerie.com\/en\/art-publications\/#breadcrumb","itemListElement":[{"@type":"ListItem","position":1,"name":"Home Gallery","item":"https:\/\/www.adgalerie.com\/en\/"},{"@type":"ListItem","position":2,"name":"Art publications: a new experience at AD Galerie"}]},{"@type":"WebSite","@id":"https:\/\/www.adgalerie.com\/en\/#website","url":"https:\/\/www.adgalerie.com\/en\/","name":"AD Galerie d&#039;art contemporain \u00e0 Montpellier depuis 1998","description":"Nouvel espace d\u2019exposition de 700 m2, au style industriel, o\u00f9 tout a \u00e9t\u00e9 pens\u00e9 et mis en \u0153uvre pour pr\u00e9senter les \u0153uvres d\u2019art,","publisher":{"@id":"https:\/\/www.adgalerie.com\/en\/#organization"},"alternateName":"AD Galerie Montpellier","potentialAction":[{"@type":"SearchAction","target":{"@type":"EntryPoint","urlTemplate":"https:\/\/www.adgalerie.com\/en\/?s={search_term_string}"},"query-input":{"@type":"PropertyValueSpecification","valueRequired":true,"valueName":"search_term_string"}}],"inLanguage":"en-US"},{"@type":"Organization","@id":"https:\/\/www.adgalerie.com\/en\/#organization","name":"AD Galerie","alternateName":"AD Galerie Montpellier","url":"https:\/\/www.adgalerie.com\/en\/","logo":{"@type":"ImageObject","inLanguage":"en-US","@id":"https:\/\/www.adgalerie.com\/en\/#\/schema\/logo\/image\/","url":"https:\/\/www.adgalerie.com\/wp-content\/uploads\/2023\/10\/galerie-art-montpellier-facebook.jpg","contentUrl":"https:\/\/www.adgalerie.com\/wp-content\/uploads\/2023\/10\/galerie-art-montpellier-facebook.jpg","width":1300,"height":1100,"caption":"AD Galerie"},"image":{"@id":"https:\/\/www.adgalerie.com\/en\/#\/schema\/logo\/image\/"},"sameAs":["https:\/\/www.facebook.com\/A-D-GALERIE-342336565501\/","https:\/\/www.instagram.com\/adgalerie\/","https:\/\/www.linkedin.com\/in\/david-garcia-5b0a3a266\/","https:\/\/www.youtube.com\/channel\/UCL-Xush60GMReT0IaknQz1w"]}]}},"_links":{"self":[{"href":"https:\/\/www.adgalerie.com\/en\/wp-json\/wp\/v2\/pages\/27685","targetHints":{"allow":["GET"]}}],"collection":[{"href":"https:\/\/www.adgalerie.com\/en\/wp-json\/wp\/v2\/pages"}],"about":[{"href":"https:\/\/www.adgalerie.com\/en\/wp-json\/wp\/v2\/types\/page"}],"author":[{"embeddable":true,"href":"https:\/\/www.adgalerie.com\/en\/wp-json\/wp\/v2\/users\/1"}],"replies":[{"embeddable":true,"href":"https:\/\/www.adgalerie.com\/en\/wp-json\/wp\/v2\/comments?post=27685"}],"version-history":[{"count":8,"href":"https:\/\/www.adgalerie.com\/en\/wp-json\/wp\/v2\/pages\/27685\/revisions"}],"predecessor-version":[{"id":27785,"href":"https:\/\/www.adgalerie.com\/en\/wp-json\/wp\/v2\/pages\/27685\/revisions\/27785"}],"wp:featuredmedia":[{"embeddable":true,"href":"https:\/\/www.adgalerie.com\/en\/wp-json\/wp\/v2\/media\/26233"}],"wp:attachment":[{"href":"https:\/\/www.adgalerie.com\/en\/wp-json\/wp\/v2\/media?parent=27685"}],"curies":[{"name":"wp","href":"https:\/\/api.w.org\/{rel}","templated":true}]}}