{"id":28,"date":"2023-10-17T15:34:42","date_gmt":"2023-10-17T15:34:42","guid":{"rendered":"https:\/\/www.adgalerie.com\/?page_id=28"},"modified":"2024-02-20T10:38:10","modified_gmt":"2024-02-20T10:38:10","slug":"accueil-fr","status":"publish","type":"page","link":"https:\/\/www.adgalerie.com\/en\/","title":{"rendered":"Home, AD Galerie Montpellier"},"content":{"rendered":"<p>[et_pb_section fb_built=&#8221;1&#8243; _builder_version=&#8221;4.24.0&#8243; _module_preset=&#8221;default&#8221; use_background_color_gradient=&#8221;on&#8221; background_color_gradient_stops=&#8221;#0a0a0a 0%|rgba(10,10,10,0.1) 22%&#8221; background_color_gradient_overlays_image=&#8221;on&#8221; background_image=&#8221;https:\/\/www.adgalerie.com\/wp-content\/uploads\/2024\/02\/Galerie-art-contemporain-montpellier.jpg&#8221; module_alignment=&#8221;center&#8221; min_height=&#8221;90vh&#8221; global_colors_info=&#8221;{}&#8221;][et_pb_row _builder_version=&#8221;4.24.0&#8243; _module_preset=&#8221;default&#8221; max_width=&#8221;1500px&#8221; module_alignment=&#8221;center&#8221; global_colors_info=&#8221;{}&#8221;][et_pb_column type=&#8221;4_4&#8243; _builder_version=&#8221;4.16.0&#8243; _module_preset=&#8221;default&#8221; global_colors_info=&#8221;{}&#8221;][et_pb_menu active_link_color=&#8221;#FFFFFF&#8221; logo=&#8221;https:\/\/www.adgalerie.com\/wp-content\/uploads\/2023\/10\/logo-ad-galerie.png&#8221; logo_url=&#8221;https:\/\/www.adgalerie.com\/&#8221; cart_icon_color=&#8221;#FFFFFF&#8221; search_icon_color=&#8221;#FFFFFF&#8221; menu_icon_color=&#8221;#FFFFFF&#8221; module_class=&#8221;menuaccueil&#8221; _builder_version=&#8221;4.16.0&#8243; _module_preset=&#8221;default&#8221; menu_font=&#8221;|700||||on||#FFFFFF|&#8221; menu_text_color=&#8221;#FFFFFF&#8221; menu_font_size=&#8221;18px&#8221; background_color=&#8221;RGBA(255,255,255,0)&#8221; module_alignment=&#8221;center&#8221; global_colors_info=&#8221;{}&#8221;][\/et_pb_menu][\/et_pb_column][\/et_pb_row][\/et_pb_section][et_pb_section fb_built=&#8221;1&#8243; _builder_version=&#8221;4.16.0&#8243; _module_preset=&#8221;default&#8221; custom_padding=&#8221;||7px|||&#8221; global_colors_info=&#8221;{}&#8221;][et_pb_row _builder_version=&#8221;4.16.0&#8243; _module_preset=&#8221;default&#8221; custom_padding=&#8221;||6px|||&#8221; global_colors_info=&#8221;{}&#8221;][et_pb_column type=&#8221;4_4&#8243; _builder_version=&#8221;4.16.0&#8243; _module_preset=&#8221;default&#8221; global_colors_info=&#8221;{}&#8221;][et_pb_text _builder_version=&#8221;4.22.2&#8243; _module_preset=&#8221;default&#8221; custom_margin=&#8221;||11px|||&#8221; global_colors_info=&#8221;{}&#8221;]<\/p>\n<h1 style=\"text-align: center;\">AD GALERIE Montpellier<\/h1>\n<p>[\/et_pb_text][et_pb_divider divider_weight=&#8221;2px&#8221; _builder_version=&#8221;4.23.1&#8243; _module_preset=&#8221;default&#8221; width=&#8221;60%&#8221; module_alignment=&#8221;center&#8221; locked=&#8221;off&#8221; global_colors_info=&#8221;{}&#8221;][\/et_pb_divider][\/et_pb_column][\/et_pb_row][et_pb_row column_structure=&#8221;2_5,3_5&#8243; _builder_version=&#8221;4.16.0&#8243; _module_preset=&#8221;default&#8221; global_colors_info=&#8221;{}&#8221;][et_pb_column type=&#8221;2_5&#8243; _builder_version=&#8221;4.16.0&#8243; _module_preset=&#8221;default&#8221; global_colors_info=&#8221;{}&#8221;][et_pb_image src=&#8221;https:\/\/www.adgalerie.com\/wp-content\/uploads\/2024\/02\/Equipe-AD-Galerie-Arnaud-David.jpg&#8221; alt=&#8221;AD Galerie Montpellier, David GARCIA and Arnaud Dionnet&#8221; title_text=&#8221;Equipe-AD-Galerie-Arnaud-David&#8221; align=&#8221;center&#8221; src_tablet=&#8221;https:\/\/www.adgalerie.com\/wp-content\/uploads\/2023\/10\/portraitarnauddavid-normal.jpg&#8221; src_phone=&#8221;https:\/\/www.adgalerie.com\/wp-content\/uploads\/2023\/10\/portraitarnauddavid-normal.jpg&#8221; src_last_edited=&#8221;on|desktop&#8221; _builder_version=&#8221;4.24.0&#8243; _module_preset=&#8221;default&#8221; global_colors_info=&#8221;{}&#8221; src__hover_enabled=&#8221;on|desktop&#8221; src__hover=&#8221;https:\/\/www.adgalerie.com\/wp-content\/uploads\/2024\/02\/Equipe-AD-Galerie-Arnaud-David.jpg&#8221;][\/et_pb_image][\/et_pb_column][et_pb_column type=&#8221;3_5&#8243; _builder_version=&#8221;4.16.0&#8243; _module_preset=&#8221;default&#8221; global_colors_info=&#8221;{}&#8221;][et_pb_text _builder_version=&#8221;4.23.1&#8243; _module_preset=&#8221;default&#8221; global_colors_info=&#8221;{}&#8221;]<\/p>\n<h2>Contemporary art gallery since 1998<\/h2>\n<p>In 1998, <strong>Arnaud Dionnet<\/strong> and <strong>David Garcia<\/strong> decided to open a contemporary art gallery in B\u00e9ziers.<\/p>\n<p>After initially exhibiting young artists, the gallery&#8217;s artistic line took a new turn in 2007 with the start of a collaboration with the co-founder of figuration libre <a href=\"https:\/\/www.adgalerie.com\/nos-artistes\/di-rosa-herve-peintre-francais\/\">Herv\u00e9 Di Rosa<\/a>, who placed his trust in them and offered them the magnificent &#8220;Di Rosa Classic&#8221; exhibition.<\/p>\n<p>From then on, the gallery specialized in the figuration libre movement, presenting works by<a href=\"https:\/\/www.adgalerie.com\/nos-artistes\/di-rosa-herve-peintre-francais\/\">Herv\u00e9 Di Rosa<\/a>, <a href=\"https:\/\/www.adgalerie.com\/en\/our-artists\/robert-combas-french-painter\/\">Robert Combas<\/a>, <a href=\"https:\/\/www.adgalerie.com\/nos-artistes\/blanchard-remi-peintre-francais\/\">R\u00e9mi Blanchard<\/a> and <a href=\"https:\/\/www.adgalerie.com\/en\/our-artists\/boisrond-francois-french-painter\/\">Fran\u00e7ois Boisrond<\/a>.<\/p>\n<p>In January 2013, the adventure for AD Galerie continues in Montpellier with the opening of its new space dedicated to contemporary art. After 15 years in B\u00e9ziers, gallery owners David Garcia and Arnaud Dionnet are moving to the regional capital with the ambition of taking on a new dimension in a city with a strong reputation and dynamic development.<\/p>\n<p>Set against a backdrop of rough concrete and glass,<strong>AD Galerie<\/strong> now exhibits its work in a resolutely contemporary gallery, where volume and sobriety are the watchwords, in a district with a bright future, a stronghold of design and architecture.<\/p>\n<p>AD Galerie gives pride of place to <a href=\"https:\/\/www.adgalerie.com\/en\/movement\/free-figuration\/\">free figuration<\/a> and <a href=\"https:\/\/www.adgalerie.com\/en\/movement\/narrative-figuration\/\">narrative figuration<\/a> with its historic artists, but also to young emerging artists on the art scene, such as <a href=\"https:\/\/www.adgalerie.com\/nos-artistes\/crespel-cedrix-peintre-francais\/\">C\u00e9drix Crespel<\/a>, Maxime Lhermet, Eric Liot , <a href=\"https:\/\/www.adgalerie.com\/nos-artistes\/fenx-artiste-urbain-francais\/\">Fen X<\/a>, S\u00e9bastien Bayet&#8230;<\/p>\n<p>New location, new collaboration&#8230; with a great artist:  <a href=\"https:\/\/www.adgalerie.com\/nos-artistes\/pasqua-philippe-artiste-francais\/\">Philippe Pasqua<\/a>which presents his paintings and sculptures in the prestige exhibition &#8220;Restrictions&#8221; in November 2014, and a new facet of the artist with his superimpositions of drawings on tracing paper and drawings on paper in the exhibition &#8220;Transparences&#8221; in 2016.<\/p>\n<p>[\/et_pb_text][\/et_pb_column][\/et_pb_row][et_pb_row column_structure=&#8221;3_5,2_5&#8243; _builder_version=&#8221;4.23.1&#8243; _module_preset=&#8221;default&#8221; global_colors_info=&#8221;{}&#8221;][et_pb_column type=&#8221;3_5&#8243; _builder_version=&#8221;4.23.1&#8243; _module_preset=&#8221;default&#8221; global_colors_info=&#8221;{}&#8221;][et_pb_text _builder_version=&#8221;4.23.1&#8243; _module_preset=&#8221;default&#8221; custom_padding=&#8221;26px|||||&#8221; global_colors_info=&#8221;{}&#8221;]<\/p>\n<h2>2021, a major turning point for AD Galerie.<\/h2>\n<p>The gallery has moved from Port Marianne to its new 700 m2 industrial-style space, which Arnaud and David have designed and implemented to present a cutting-edge selection of both established and emerging artists.  <strong>A place entirely dedicated to paintings and sculptures<\/strong>, showcased in a convivial setting.<\/p>\n<p>A cutting-edge selection of works in the fields of <a href=\"https:\/\/www.adgalerie.com\/en\/movement\/free-figuration\/\">free figuration<\/a>, <a href=\"https:\/\/www.adgalerie.com\/en\/movement\/narrative-figuration\/\">narrative figuration<\/a>, <a href=\"https:\/\/www.adgalerie.com\/en\/movement\/new-realism\/\">new realism<\/a> and abstract art, featuring some of the great names in contemporary art.<\/p>\n<p>Over the past 3 years, a new entity, AD ART, has been set up to acquire masterpieces and historic works by the world&#8217;s finest artists.  <strong>The works of Pierre Soulages, Andy Warhol, Keith Haring, Kaws, Venet&#8230;Museum-quality works, some of which have been shown in New York or Hong Kong in prestigious exhibitions.<\/strong><\/p>\n<p>AD Galerie also takes part in contemporary art fairs every year, and is present at Moderne Art Fair, Art Paris art fair, Lille art fair, Bordeaux BAD and St-Art Strasbourg.<\/p>\n<p>[\/et_pb_text][\/et_pb_column][et_pb_column type=&#8221;2_5&#8243; _builder_version=&#8221;4.23.1&#8243; _module_preset=&#8221;default&#8221; global_colors_info=&#8221;{}&#8221;][et_pb_slider _builder_version=&#8221;4.23.1&#8243; _module_preset=&#8221;default&#8221; custom_padding=&#8221;||399px|||&#8221; animation_style=&#8221;fade&#8221; auto=&#8221;on&#8221; global_colors_info=&#8221;{}&#8221;][et_pb_slide _builder_version=&#8221;4.23.1&#8243; _module_preset=&#8221;default&#8221; background_image=&#8221;https:\/\/www.adgalerie.com\/wp-content\/uploads\/2024\/02\/AD-Galerie-montpellier-exterieur-01.jpg&#8221; background_enable_image=&#8221;on&#8221; global_colors_info=&#8221;{}&#8221; sticky_transition=&#8221;on&#8221;][\/et_pb_slide][et_pb_slide _builder_version=&#8221;4.23.1&#8243; _module_preset=&#8221;default&#8221; background_image=&#8221;https:\/\/www.adgalerie.com\/wp-content\/uploads\/2024\/02\/AD-Galerie-montpellier-exterieur-03.jpg&#8221; background_enable_image=&#8221;on&#8221; global_colors_info=&#8221;{}&#8221; sticky_transition=&#8221;on&#8221;][\/et_pb_slide][et_pb_slide _builder_version=&#8221;4.23.1&#8243; _module_preset=&#8221;default&#8221; background_image=&#8221;https:\/\/www.adgalerie.com\/wp-content\/uploads\/2024\/02\/AD-Galerie-montpellier-interieur-04.jpg&#8221; background_enable_image=&#8221;on&#8221; global_colors_info=&#8221;{}&#8221; sticky_transition=&#8221;on&#8221;][\/et_pb_slide][et_pb_slide _builder_version=&#8221;4.23.1&#8243; _module_preset=&#8221;default&#8221; background_image=&#8221;https:\/\/www.adgalerie.com\/wp-content\/uploads\/2024\/02\/AD-Galerie-montpellier-interieur-02.jpg&#8221; background_enable_image=&#8221;on&#8221; global_colors_info=&#8221;{}&#8221; sticky_transition=&#8221;on&#8221;][\/et_pb_slide][et_pb_slide _builder_version=&#8221;4.23.1&#8243; _module_preset=&#8221;default&#8221; background_image=&#8221;https:\/\/www.adgalerie.com\/wp-content\/uploads\/2024\/02\/AD-Galerie-montpellier-interieur-03.jpg&#8221; background_enable_image=&#8221;on&#8221; global_colors_info=&#8221;{}&#8221; sticky_transition=&#8221;on&#8221;][\/et_pb_slide][et_pb_slide _builder_version=&#8221;4.23.1&#8243; _module_preset=&#8221;default&#8221; background_image=&#8221;https:\/\/www.adgalerie.com\/wp-content\/uploads\/2024\/02\/AD-Galerie-montpellier-exterieur-nuit.jpg&#8221; background_enable_image=&#8221;on&#8221; global_colors_info=&#8221;{}&#8221; sticky_transition=&#8221;on&#8221;][\/et_pb_slide][\/et_pb_slider][\/et_pb_column][\/et_pb_row][\/et_pb_section][et_pb_section fb_built=&#8221;1&#8243; _builder_version=&#8221;4.23.1&#8243; _module_preset=&#8221;default&#8221; custom_padding=&#8221;40px||2px|||&#8221; global_colors_info=&#8221;{}&#8221;][et_pb_row _builder_version=&#8221;4.23.1&#8243; _module_preset=&#8221;default&#8221; global_colors_info=&#8221;{}&#8221;][et_pb_column type=&#8221;4_4&#8243; _builder_version=&#8221;4.23.1&#8243; _module_preset=&#8221;default&#8221; global_colors_info=&#8221;{}&#8221;][et_pb_text _builder_version=&#8221;4.23.1&#8243; _module_preset=&#8221;default&#8221; custom_margin=&#8221;||18px|||&#8221; global_colors_info=&#8221;{}&#8221;]<\/p>\n<h2>DISCOVER OUR ARTISTS<\/h2>\n<p>[\/et_pb_text][et_pb_divider divider_weight=&#8221;2px&#8221; _builder_version=&#8221;4.22.2&#8243; _module_preset=&#8221;default&#8221; module_alignment=&#8221;center&#8221; locked=&#8221;off&#8221; global_colors_info=&#8221;{}&#8221;][\/et_pb_divider][et_pb_cpt_loop_archive loop_layout=&#8221;366&#8243; fullwidth=&#8221;off&#8221; columns=&#8221;4&#8243; show_pagination=&#8221;off&#8221; new_query=&#8221;on&#8221; post_type=&#8221;artiste&#8221; posts_number=&#8221;4&#8243; include_tax=&#8221;Type&#8221; include_tax_terms=&#8221;our-artists&#8221; include_meta=&#8221;,&#8221; hide_if_no_data=&#8221;on&#8221; order_by=&#8221;name&#8221; order=&#8221;asc&#8221; admin_label=&#8221;CPT Loop Archive&#8221; module_class=&#8221;cptrowartiste&#8221; _builder_version=&#8221;4.24.0&#8243; _module_preset=&#8221;default&#8221; module_alignment=&#8221;center&#8221; custom_margin=&#8221;0px|0px|0px|0px|false|false&#8221; custom_padding=&#8221;0px|0px|0px|0px|false|false&#8221; hover_enabled=&#8221;0&#8243; locked=&#8221;off&#8221; global_colors_info=&#8221;{}&#8221; sticky_enabled=&#8221;0&#8243;][\/et_pb_cpt_loop_archive][\/et_pb_column][\/et_pb_row][\/et_pb_section]<\/p>\n","protected":false},"excerpt":{"rendered":"<p>AD GALERIE MontpellierContemporary art gallery since 1998 In 1998, Arnaud Dionnet and David Garcia decided to open a contemporary art gallery in B\u00e9ziers. After initially exhibiting young artists, the gallery&#8217;s artistic line took a new turn in 2007 with the start of a collaboration with the co-founder of figuration libre Herv\u00e9 Di Rosa, who placed [&hellip;]<\/p>\n","protected":false},"author":1,"featured_media":39,"parent":0,"menu_order":0,"comment_status":"closed","ping_status":"closed","template":"","meta":{"_acf_changed":false,"_et_pb_use_builder":"on","_et_pb_old_content":"","_et_gb_content_width":"","footnotes":""},"class_list":["post-28","page","type-page","status-publish","has-post-thumbnail","hentry"],"acf":[],"yoast_head":"<!-- This site is optimized with the Yoast SEO plugin v27.2 - https:\/\/yoast.com\/product\/yoast-seo-wordpress\/ -->\n<title>AD Galerie d&#039;art contemporain \u00e0 Montpellier depuis 1998<\/title>\n<meta name=\"description\" content=\"AD Galerie, a 700 m2 industrial-style exhibition space designed to showcase works of art by both established and emerging artists.\" \/>\n<meta name=\"robots\" content=\"index, follow, max-snippet:-1, max-image-preview:large, max-video-preview:-1\" \/>\n<link rel=\"canonical\" href=\"https:\/\/www.adgalerie.com\/en\/\" \/>\n<meta property=\"og:locale\" content=\"en_US\" \/>\n<meta property=\"og:type\" content=\"article\" \/>\n<meta property=\"og:title\" content=\"AD Galerie d&#039;art contemporain \u00e0 Montpellier depuis 1998\" \/>\n<meta property=\"og:description\" content=\"AD Galerie, a 700 m2 industrial-style exhibition space designed to showcase works of art by both established and emerging artists.\" \/>\n<meta property=\"og:url\" content=\"https:\/\/www.adgalerie.com\/en\/\" \/>\n<meta property=\"og:site_name\" content=\"AD Galerie d&#039;art contemporain \u00e0 Montpellier depuis 1998\" \/>\n<meta property=\"article:publisher\" content=\"https:\/\/www.facebook.com\/A-D-GALERIE-342336565501\/\" \/>\n<meta property=\"article:modified_time\" content=\"2024-02-20T10:38:10+00:00\" \/>\n<meta property=\"og:image\" content=\"https:\/\/www.adgalerie.com\/wp-content\/uploads\/2023\/10\/galerie-art-montpellier-facebook.jpg\" \/>\n\t<meta property=\"og:image:width\" content=\"1300\" \/>\n\t<meta property=\"og:image:height\" content=\"1100\" \/>\n\t<meta property=\"og:image:type\" content=\"image\/jpeg\" \/>\n<script type=\"application\/ld+json\" class=\"yoast-schema-graph\">{\"@context\":\"https:\/\/schema.org\",\"@graph\":[{\"@type\":\"WebPage\",\"@id\":\"https:\/\/www.adgalerie.com\/en\/\",\"url\":\"https:\/\/www.adgalerie.com\/en\/\",\"name\":\"AD Galerie d&#039;art contemporain \u00e0 Montpellier depuis 1998\",\"isPartOf\":{\"@id\":\"https:\/\/www.adgalerie.com\/en\/#website\"},\"primaryImageOfPage\":{\"@id\":\"https:\/\/www.adgalerie.com\/en\/#primaryimage\"},\"image\":{\"@id\":\"https:\/\/www.adgalerie.com\/en\/#primaryimage\"},\"thumbnailUrl\":\"https:\/\/www.adgalerie.com\/wp-content\/uploads\/2023\/10\/galerie-art-montpellier-facebook.jpg\",\"datePublished\":\"2023-10-17T15:34:42+00:00\",\"dateModified\":\"2024-02-20T10:38:10+00:00\",\"description\":\"AD Galerie, a 700 m2 industrial-style exhibition space designed to showcase works of art by both established and emerging artists.\",\"breadcrumb\":{\"@id\":\"https:\/\/www.adgalerie.com\/en\/#breadcrumb\"},\"inLanguage\":\"en-US\",\"potentialAction\":[{\"@type\":\"ReadAction\",\"target\":[\"https:\/\/www.adgalerie.com\/en\/\"]}]},{\"@type\":\"ImageObject\",\"inLanguage\":\"en-US\",\"@id\":\"https:\/\/www.adgalerie.com\/en\/#primaryimage\",\"url\":\"https:\/\/www.adgalerie.com\/wp-content\/uploads\/2023\/10\/galerie-art-montpellier-facebook.jpg\",\"contentUrl\":\"https:\/\/www.adgalerie.com\/wp-content\/uploads\/2023\/10\/galerie-art-montpellier-facebook.jpg\",\"width\":1300,\"height\":1100,\"caption\":\"Visuel site galerie d'art Montpellier\"},{\"@type\":\"BreadcrumbList\",\"@id\":\"https:\/\/www.adgalerie.com\/en\/#breadcrumb\",\"itemListElement\":[{\"@type\":\"ListItem\",\"position\":1,\"name\":\"Home Gallery\",\"item\":\"https:\/\/www.adgalerie.com\/en\/\"},{\"@type\":\"ListItem\",\"position\":2,\"name\":\"Home page\"}]},{\"@type\":\"WebSite\",\"@id\":\"https:\/\/www.adgalerie.com\/en\/#website\",\"url\":\"https:\/\/www.adgalerie.com\/en\/\",\"name\":\"AD Galerie d&#039;art contemporain \u00e0 Montpellier depuis 1998\",\"description\":\"Nouvel espace d\u2019exposition de 700 m2, au style industriel, o\u00f9 tout a \u00e9t\u00e9 pens\u00e9 et mis en \u0153uvre pour pr\u00e9senter les \u0153uvres d\u2019art,\",\"publisher\":{\"@id\":\"https:\/\/www.adgalerie.com\/en\/#organization\"},\"alternateName\":\"AD Galerie Montpellier\",\"potentialAction\":[{\"@type\":\"SearchAction\",\"target\":{\"@type\":\"EntryPoint\",\"urlTemplate\":\"https:\/\/www.adgalerie.com\/en\/?s={search_term_string}\"},\"query-input\":{\"@type\":\"PropertyValueSpecification\",\"valueRequired\":true,\"valueName\":\"search_term_string\"}}],\"inLanguage\":\"en-US\"},{\"@type\":\"Organization\",\"@id\":\"https:\/\/www.adgalerie.com\/en\/#organization\",\"name\":\"AD Galerie\",\"alternateName\":\"AD Galerie Montpellier\",\"url\":\"https:\/\/www.adgalerie.com\/en\/\",\"logo\":{\"@type\":\"ImageObject\",\"inLanguage\":\"en-US\",\"@id\":\"https:\/\/www.adgalerie.com\/en\/#\/schema\/logo\/image\/\",\"url\":\"https:\/\/www.adgalerie.com\/wp-content\/uploads\/2023\/10\/galerie-art-montpellier-facebook.jpg\",\"contentUrl\":\"https:\/\/www.adgalerie.com\/wp-content\/uploads\/2023\/10\/galerie-art-montpellier-facebook.jpg\",\"width\":1300,\"height\":1100,\"caption\":\"AD Galerie\"},\"image\":{\"@id\":\"https:\/\/www.adgalerie.com\/en\/#\/schema\/logo\/image\/\"},\"sameAs\":[\"https:\/\/www.facebook.com\/A-D-GALERIE-342336565501\/\",\"https:\/\/www.instagram.com\/adgalerie\/\",\"https:\/\/www.linkedin.com\/in\/david-garcia-5b0a3a266\/\",\"https:\/\/www.youtube.com\/channel\/UCL-Xush60GMReT0IaknQz1w\"]}]}<\/script>\n<!-- \/ Yoast SEO plugin. -->","yoast_head_json":{"title":"AD Galerie d&#039;art contemporain \u00e0 Montpellier depuis 1998","description":"AD Galerie, a 700 m2 industrial-style exhibition space designed to showcase works of art by both established and emerging artists.","robots":{"index":"index","follow":"follow","max-snippet":"max-snippet:-1","max-image-preview":"max-image-preview:large","max-video-preview":"max-video-preview:-1"},"canonical":"https:\/\/www.adgalerie.com\/en\/","og_locale":"en_US","og_type":"article","og_title":"AD Galerie d&#039;art contemporain \u00e0 Montpellier depuis 1998","og_description":"AD Galerie, a 700 m2 industrial-style exhibition space designed to showcase works of art by both established and emerging artists.","og_url":"https:\/\/www.adgalerie.com\/en\/","og_site_name":"AD Galerie d&#039;art contemporain \u00e0 Montpellier depuis 1998","article_publisher":"https:\/\/www.facebook.com\/A-D-GALERIE-342336565501\/","article_modified_time":"2024-02-20T10:38:10+00:00","og_image":[{"width":1300,"height":1100,"url":"https:\/\/www.adgalerie.com\/wp-content\/uploads\/2023\/10\/galerie-art-montpellier-facebook.jpg","type":"image\/jpeg"}],"schema":{"@context":"https:\/\/schema.org","@graph":[{"@type":"WebPage","@id":"https:\/\/www.adgalerie.com\/en\/","url":"https:\/\/www.adgalerie.com\/en\/","name":"AD Galerie d&#039;art contemporain \u00e0 Montpellier depuis 1998","isPartOf":{"@id":"https:\/\/www.adgalerie.com\/en\/#website"},"primaryImageOfPage":{"@id":"https:\/\/www.adgalerie.com\/en\/#primaryimage"},"image":{"@id":"https:\/\/www.adgalerie.com\/en\/#primaryimage"},"thumbnailUrl":"https:\/\/www.adgalerie.com\/wp-content\/uploads\/2023\/10\/galerie-art-montpellier-facebook.jpg","datePublished":"2023-10-17T15:34:42+00:00","dateModified":"2024-02-20T10:38:10+00:00","description":"AD Galerie, a 700 m2 industrial-style exhibition space designed to showcase works of art by both established and emerging artists.","breadcrumb":{"@id":"https:\/\/www.adgalerie.com\/en\/#breadcrumb"},"inLanguage":"en-US","potentialAction":[{"@type":"ReadAction","target":["https:\/\/www.adgalerie.com\/en\/"]}]},{"@type":"ImageObject","inLanguage":"en-US","@id":"https:\/\/www.adgalerie.com\/en\/#primaryimage","url":"https:\/\/www.adgalerie.com\/wp-content\/uploads\/2023\/10\/galerie-art-montpellier-facebook.jpg","contentUrl":"https:\/\/www.adgalerie.com\/wp-content\/uploads\/2023\/10\/galerie-art-montpellier-facebook.jpg","width":1300,"height":1100,"caption":"Visuel site galerie d'art Montpellier"},{"@type":"BreadcrumbList","@id":"https:\/\/www.adgalerie.com\/en\/#breadcrumb","itemListElement":[{"@type":"ListItem","position":1,"name":"Home Gallery","item":"https:\/\/www.adgalerie.com\/en\/"},{"@type":"ListItem","position":2,"name":"Home page"}]},{"@type":"WebSite","@id":"https:\/\/www.adgalerie.com\/en\/#website","url":"https:\/\/www.adgalerie.com\/en\/","name":"AD Galerie d&#039;art contemporain \u00e0 Montpellier depuis 1998","description":"Nouvel espace d\u2019exposition de 700 m2, au style industriel, o\u00f9 tout a \u00e9t\u00e9 pens\u00e9 et mis en \u0153uvre pour pr\u00e9senter les \u0153uvres d\u2019art,","publisher":{"@id":"https:\/\/www.adgalerie.com\/en\/#organization"},"alternateName":"AD Galerie Montpellier","potentialAction":[{"@type":"SearchAction","target":{"@type":"EntryPoint","urlTemplate":"https:\/\/www.adgalerie.com\/en\/?s={search_term_string}"},"query-input":{"@type":"PropertyValueSpecification","valueRequired":true,"valueName":"search_term_string"}}],"inLanguage":"en-US"},{"@type":"Organization","@id":"https:\/\/www.adgalerie.com\/en\/#organization","name":"AD Galerie","alternateName":"AD Galerie Montpellier","url":"https:\/\/www.adgalerie.com\/en\/","logo":{"@type":"ImageObject","inLanguage":"en-US","@id":"https:\/\/www.adgalerie.com\/en\/#\/schema\/logo\/image\/","url":"https:\/\/www.adgalerie.com\/wp-content\/uploads\/2023\/10\/galerie-art-montpellier-facebook.jpg","contentUrl":"https:\/\/www.adgalerie.com\/wp-content\/uploads\/2023\/10\/galerie-art-montpellier-facebook.jpg","width":1300,"height":1100,"caption":"AD Galerie"},"image":{"@id":"https:\/\/www.adgalerie.com\/en\/#\/schema\/logo\/image\/"},"sameAs":["https:\/\/www.facebook.com\/A-D-GALERIE-342336565501\/","https:\/\/www.instagram.com\/adgalerie\/","https:\/\/www.linkedin.com\/in\/david-garcia-5b0a3a266\/","https:\/\/www.youtube.com\/channel\/UCL-Xush60GMReT0IaknQz1w"]}]}},"_links":{"self":[{"href":"https:\/\/www.adgalerie.com\/en\/wp-json\/wp\/v2\/pages\/28","targetHints":{"allow":["GET"]}}],"collection":[{"href":"https:\/\/www.adgalerie.com\/en\/wp-json\/wp\/v2\/pages"}],"about":[{"href":"https:\/\/www.adgalerie.com\/en\/wp-json\/wp\/v2\/types\/page"}],"author":[{"embeddable":true,"href":"https:\/\/www.adgalerie.com\/en\/wp-json\/wp\/v2\/users\/1"}],"replies":[{"embeddable":true,"href":"https:\/\/www.adgalerie.com\/en\/wp-json\/wp\/v2\/comments?post=28"}],"version-history":[{"count":23,"href":"https:\/\/www.adgalerie.com\/en\/wp-json\/wp\/v2\/pages\/28\/revisions"}],"predecessor-version":[{"id":26348,"href":"https:\/\/www.adgalerie.com\/en\/wp-json\/wp\/v2\/pages\/28\/revisions\/26348"}],"wp:featuredmedia":[{"embeddable":true,"href":"https:\/\/www.adgalerie.com\/en\/wp-json\/wp\/v2\/media\/39"}],"wp:attachment":[{"href":"https:\/\/www.adgalerie.com\/en\/wp-json\/wp\/v2\/media?parent=28"}],"curies":[{"name":"wp","href":"https:\/\/api.w.org\/{rel}","templated":true}]}}